{"id":575,"date":"2020-07-07T11:50:34","date_gmt":"2020-07-07T11:50:34","guid":{"rendered":"https:\/\/www.lafraguabruta.com\/?page_id=575"},"modified":"2022-01-16T13:11:53","modified_gmt":"2022-01-16T13:11:53","slug":"the-playground","status":"publish","type":"page","link":"https:\/\/www.lafraguabruta.com\/index.php\/the-playground\/","title":{"rendered":"THE PLAYGROUND"},"content":{"rendered":"\n<p><strong>UN ESPACIO DE JUEGO EN VIVO<\/strong> <strong>Y ON-LINE<\/strong><\/p>\n\n\n\n<p><strong>The Playground<\/strong> es:<\/p>\n\n\n\n<p>un espacio de juego.<br>un espacio de investigaci\u00f3n.<br>un espacio de creaci\u00f3n.<br>un espacio de acci\u00f3n.<br>un espacio de improvisaci\u00f3n.<br>un espacio perform\u00e1tico.<br>un espacio poroso y abierto.<br>un espacio en bruto. <\/p>\n\n\n\n<p><strong>DESTINATARIOS<\/strong><\/p>\n\n\n\n<p>Abierto<br>a corazones inclinados<br>al gozo<br>al saber<br>a la experimentaci\u00f3n<br>al juego<br>a la vida.<br><br>Hay dos tipos de destinatarios.<br>quienes quieran proponer<br>quienes quieran jugar<br><br>Si quieres proponer, cons\u00faltanos las bases.<br>Si quieres jugar inscribite a las convocatorias de propuestas. <\/p>\n\n\n\n<p><strong>LA L\u00cdNEA<\/strong><\/p>\n\n\n\n<p>Propuestas de juego, de acci\u00f3n, de arte y\/o de investigaci\u00f3n grupal en el espacio p\u00fablico. Si tienes una idea que llevar a la pr\u00e1ctica, experimental o no, arriesgada o no, colectiva o conectiva, pausada o r\u00edtmica, sonora o visual o performativa, cu\u00e9ntanosla. La Fragua Bruta pone la plataforma, la comunicaci\u00f3n, el cari\u00f1o, unos cuantos cuerpos y muchas neuronas (si previamente necesitas asesor\u00eda). \u00a1An\u00edmate!<\/p>\n\n\n\n<div class=\"wp-block-group\"><div class=\"wp-block-group__inner-container is-layout-flow wp-block-group-is-layout-flow\"><\/div><\/div>\n","protected":false},"excerpt":{"rendered":"<p>UN ESPACIO DE JUEGO EN VIVO Y ON-LINE The Playground es: un espacio de juego.un espacio de investigaci\u00f3n.un espacio de creaci\u00f3n.un espacio de acci\u00f3n.un espacio de improvisaci\u00f3n.un espacio perform\u00e1tico.un espacio poroso y abierto.un espacio en bruto. DESTINATARIOS Abiertoa corazones inclinadosal gozoal sabera la experimentaci\u00f3nal juegoa la vida. Hay dos tipos de destinatarios.quienes quieran proponerquienes quieran [&hellip;]<\/p>\n","protected":false},"author":1,"featured_media":1414,"parent":0,"menu_order":0,"comment_status":"closed","ping_status":"closed","template":"","meta":{"footnotes":""},"class_list":["post-575","page","type-page","status-publish","has-post-thumbnail","hentry"],"_links":{"self":[{"href":"https:\/\/www.lafraguabruta.com\/index.php\/wp-json\/wp\/v2\/pages\/575","targetHints":{"allow":["GET"]}}],"collection":[{"href":"https:\/\/www.lafraguabruta.com\/index.php\/wp-json\/wp\/v2\/pages"}],"about":[{"href":"https:\/\/www.lafraguabruta.com\/index.php\/wp-json\/wp\/v2\/types\/page"}],"author":[{"embeddable":true,"href":"https:\/\/www.lafraguabruta.com\/index.php\/wp-json\/wp\/v2\/users\/1"}],"replies":[{"embeddable":true,"href":"https:\/\/www.lafraguabruta.com\/index.php\/wp-json\/wp\/v2\/comments?post=575"}],"version-history":[{"count":10,"href":"https:\/\/www.lafraguabruta.com\/index.php\/wp-json\/wp\/v2\/pages\/575\/revisions"}],"predecessor-version":[{"id":1416,"href":"https:\/\/www.lafraguabruta.com\/index.php\/wp-json\/wp\/v2\/pages\/575\/revisions\/1416"}],"wp:featuredmedia":[{"embeddable":true,"href":"https:\/\/www.lafraguabruta.com\/index.php\/wp-json\/wp\/v2\/media\/1414"}],"wp:attachment":[{"href":"https:\/\/www.lafraguabruta.com\/index.php\/wp-json\/wp\/v2\/media?parent=575"}],"curies":[{"name":"wp","href":"https:\/\/api.w.org\/{rel}","templated":true}]}}