{"id":52,"date":"2020-06-21T19:50:06","date_gmt":"2020-06-21T19:50:06","guid":{"rendered":"https:\/\/www.lafraguabruta.com\/?page_id=52"},"modified":"2024-07-10T15:49:29","modified_gmt":"2024-07-10T15:49:29","slug":"manifiesto-bruto","status":"publish","type":"page","link":"https:\/\/www.lafraguabruta.com\/index.php\/manifiesto-bruto\/","title":{"rendered":"MANIFIESTO"},"content":{"rendered":"\n<p class=\"has-small-font-size\">Hay que ser bruto o bruta porque lo bruto es pulsi\u00f3n de infinito. <\/p>\n\n\n\n<p class=\"has-small-font-size\">En lat\u00edn <em>brutus<\/em> son los animales lentos, indisciplinados, irracionales y testarudos. Pero tambi\u00e9n para los romanos <em>Brutus<\/em> era un apellido con abolengo. Leer ambos usos uno seguido del otro despierta la imagen-rel\u00e1mpago de una animalidad ilustre, esto es, el lugar donde se manifiesta lo que est\u00e1 al mismo tiempo dentro y fuera del orden. Hay que ser bruto o bruta porque los brutos son un poco de todo al mismo tiempo. <\/p>\n\n\n\n<p class=\"has-small-font-size\">Jean Dubuffet lo supo desde siempre. \u00c9l iba a buscar el arte all\u00ed donde no hab\u00eda se\u00f1ales para su localizaci\u00f3n. Lo buscaba fuera de los museos, de los salones, de los libros acad\u00e9micos. Lo encontraba en la vida corriente, en las acciones humildes, en las palabras simples y en las frutas crudas.<a href=\"#sdfootnote2sym\"><sup>2<\/sup><\/a><\/p>\n\n\n\n<p class=\"has-small-font-size\">Los brutos gritan y no se lavan. Los brutos no votan y no son <em>polite<\/em>. Los brutos huelen y se soban. Los brutos son tal cual. <\/p>\n\n\n\n<p class=\"has-small-font-size\">La Fragua Bruta entiende la brutalidad como potencia y el arte como gesto de acogida de esa brutalidad. No hay arte all\u00ed donde reina el pensamiento racional, calculado y\/o logoc\u00e9ntrico. No hay arte all\u00ed donde se busca la excelencia y la perfecci\u00f3n. No hay arte all\u00ed donde no se tambalean los relatos que sostienen una prefiguraci\u00f3n del mundo consensuada y nunca puesta en cuesti\u00f3n. No hay arte all\u00ed donde no hay incertidumbre, desconocimiento, abismo, vac\u00edo. No hay arte all\u00ed donde no hay error, duda,   incomprensi\u00f3n.<\/p>\n\n\n\n<p class=\"has-small-font-size\">La Fragua Bruta cree que para que haya arte es necesario erosionar todo tipo de actitudes que no abran la puerta a lo bruto, lo impuro, lo maculado, lo marginal, lo fr\u00e1gil, lo mestizo, lo tarado, lo que no va.<\/p>\n\n\n\n<p class=\"has-small-font-size\">La Fragua Bruta apuesta por abandonarse a una atenci\u00f3n animal, <em>en-otro-mismada<\/em>, a trav\u00e9s de la cual sea posible ensanchar el mundo conocido. La Fragua Bruta cree que <em>en-otro-mismarse<\/em> es abrir la puerta al duende o a la gracia. Es encontrar lo divino abrazando la bestialidad.  <\/p>\n\n\n\n<p class=\"has-small-font-size\">La Fragua Bruta tiene necesidad de in-competencia, in-completitud, in-formalidad.<\/p>\n\n\n\n<p class=\"has-small-font-size\">La Fragua Bruta quiere caminar lento, detenerse y si se asusta o si se divierte, saltar, correr, volar.<\/p>\n\n\n\n<p class=\"has-small-font-size\">La Fragua Bruta huye de la frivolidad y la indiferencia.<\/p>\n\n\n\n<p class=\"has-small-font-size\">La Fragua Bruta quiere pastar silencio y rebuznar alegr\u00eda.<\/p>\n\n\n\n<p class=\"has-small-font-size\">La Fragua Bruta no se viste de etiqueta. La Fragua Bruta lleva el pelo suelto amarrado en la coronilla de la calva.<\/p>\n\n\n\n<p class=\"has-small-font-size\">La Fragua Bruta da la mano, abraza, husmea, toca. La Fragua Bruta trabaja con tacto y siente el con-tacto.<\/p>\n\n\n\n<p class=\"has-small-font-size\">La Fragua Bruta es una casa. Es fuego. <\/p>\n\n\n\n<p class=\"has-small-font-size\">La Fragua Bruta observa su animalidad. Admite que es bruta. Confiesa que siente miedo en su intento de abandonarse al infinito. <\/p>\n\n\n\n<p><\/p>\n\n\n\n<p class=\"has-small-font-size\"><a href=\"#sdfootnote1anc\">1<\/a> En jerga cinematogr\u00e1fica <em>brutos<\/em> es el conjunto de material rodado antes de ser editado. Este material no presenta un orden concreto, ni un aspecto pulido.Los <em>brutos<\/em> contienen errores e imprevistos como huella del directo por lo que es m\u00e1s visible el gesto f\u00edlmico.<\/p>\n\n\n\n<p class=\"has-small-font-size\"><a href=\"#sdfootnote2anc\">2<\/a> Dubuffet, Jean. <em>Escritos sobre arte<\/em>. Barral Editores, Barcelona, 1975.<\/p>\n","protected":false},"excerpt":{"rendered":"<p>Hay que ser bruto o bruta porque lo bruto es pulsi\u00f3n de infinito. En lat\u00edn brutus son los animales lentos, indisciplinados, irracionales y testarudos. Pero tambi\u00e9n para los romanos Brutus era un apellido con abolengo. Leer ambos usos uno seguido del otro despierta la imagen-rel\u00e1mpago de una animalidad ilustre, esto es, el lugar donde se [&hellip;]<\/p>\n","protected":false},"author":1,"featured_media":0,"parent":0,"menu_order":0,"comment_status":"closed","ping_status":"closed","template":"","meta":{"footnotes":""},"class_list":["post-52","page","type-page","status-publish","hentry"],"_links":{"self":[{"href":"https:\/\/www.lafraguabruta.com\/index.php\/wp-json\/wp\/v2\/pages\/52","targetHints":{"allow":["GET"]}}],"collection":[{"href":"https:\/\/www.lafraguabruta.com\/index.php\/wp-json\/wp\/v2\/pages"}],"about":[{"href":"https:\/\/www.lafraguabruta.com\/index.php\/wp-json\/wp\/v2\/types\/page"}],"author":[{"embeddable":true,"href":"https:\/\/www.lafraguabruta.com\/index.php\/wp-json\/wp\/v2\/users\/1"}],"replies":[{"embeddable":true,"href":"https:\/\/www.lafraguabruta.com\/index.php\/wp-json\/wp\/v2\/comments?post=52"}],"version-history":[{"count":11,"href":"https:\/\/www.lafraguabruta.com\/index.php\/wp-json\/wp\/v2\/pages\/52\/revisions"}],"predecessor-version":[{"id":2275,"href":"https:\/\/www.lafraguabruta.com\/index.php\/wp-json\/wp\/v2\/pages\/52\/revisions\/2275"}],"wp:attachment":[{"href":"https:\/\/www.lafraguabruta.com\/index.php\/wp-json\/wp\/v2\/media?parent=52"}],"curies":[{"name":"wp","href":"https:\/\/api.w.org\/{rel}","templated":true}]}}