{"id":489,"date":"2020-07-03T13:18:18","date_gmt":"2020-07-03T13:18:18","guid":{"rendered":"https:\/\/www.lafraguabruta.com\/?page_id=489"},"modified":"2026-04-21T11:33:39","modified_gmt":"2026-04-21T11:33:39","slug":"en-la-fragua","status":"publish","type":"page","link":"https:\/\/www.lafraguabruta.com\/index.php\/en-la-fragua\/","title":{"rendered":"EN LA FRAGUA"},"content":{"rendered":"\n<div class=\"wpcf7 no-js\" id=\"wpcf7-f3031-o1\" lang=\"es-ES\" dir=\"ltr\" data-wpcf7-id=\"3031\">\n<div class=\"screen-reader-response\"><p role=\"status\" aria-live=\"polite\" aria-atomic=\"true\"><\/p> <ul><\/ul><\/div>\n<form action=\"\/index.php\/wp-json\/wp\/v2\/pages\/489#wpcf7-f3031-o1\" method=\"post\" class=\"wpcf7-form init\" aria-label=\"Formulario de contacto\" novalidate=\"novalidate\" data-status=\"init\">\n<fieldset class=\"hidden-fields-container\"><input type=\"hidden\" name=\"_wpcf7\" value=\"3031\" \/><input type=\"hidden\" name=\"_wpcf7_version\" value=\"6.1.5\" \/><input type=\"hidden\" name=\"_wpcf7_locale\" value=\"es_ES\" \/><input type=\"hidden\" name=\"_wpcf7_unit_tag\" value=\"wpcf7-f3031-o1\" \/><input type=\"hidden\" name=\"_wpcf7_container_post\" value=\"0\" \/><input type=\"hidden\" name=\"_wpcf7_posted_data_hash\" value=\"\" \/>\n<\/fieldset>\n<p><label> ESCRIBE \"BECAS\" Y TE CONTAMOS:<br \/>\n<span class=\"wpcf7-form-control-wrap\" data-name=\"your-subject\"><input size=\"40\" maxlength=\"400\" class=\"wpcf7-form-control wpcf7-text wpcf7-validates-as-required\" aria-required=\"true\" aria-invalid=\"false\" value=\"\" type=\"text\" name=\"your-subject\" \/><\/span> <\/label>\n<\/p>\n<p><label>EMAIL:<br \/>\n<span class=\"wpcf7-form-control-wrap\" data-name=\"your-email\"><input size=\"40\" maxlength=\"400\" class=\"wpcf7-form-control wpcf7-email wpcf7-validates-as-required wpcf7-text wpcf7-validates-as-email\" autocomplete=\"email\" aria-required=\"true\" aria-invalid=\"false\" value=\"\" type=\"email\" name=\"your-email\" \/><\/span> <\/label>\n<\/p>\n<p><input class=\"wpcf7-form-control wpcf7-submit has-spinner\" type=\"submit\" value=\"enviar\" \/>\n<\/p><p style=\"display: none !important;\" class=\"akismet-fields-container\" data-prefix=\"_wpcf7_ak_\"><label>&#916;<textarea name=\"_wpcf7_ak_hp_textarea\" cols=\"45\" rows=\"8\" maxlength=\"100\"><\/textarea><\/label><input type=\"hidden\" id=\"ak_js_1\" name=\"_wpcf7_ak_js\" value=\"10\"\/><script>document.getElementById( \"ak_js_1\" ).setAttribute( \"value\", ( new Date() ).getTime() );<\/script><\/p><div class=\"wpcf7-response-output\" aria-hidden=\"true\"><\/div>\n<\/form>\n<\/div>\n\n\n\n\n<p class=\"has-text-align-center has-very-light-gray-color has-black-background-color has-text-color has-background has-small-font-size\"><strong><u><a href=\"https:\/\/www.lafraguabruta.com\/index.php\/2026\/04\/01\/cine-en-bruto-26-27\/\">CINE EN BRUT<strong><u>O<\/u><\/strong><\/a><br><\/u><\/strong>espacio de aprendizaje audiovisual<\/p>\n\n\n\n<p class=\"has-text-align-center has-very-light-gray-color has-black-background-color has-text-color has-background has-small-font-size\"><strong><u><a href=\"https:\/\/www.lafraguabruta.com\/index.php\/2026\/04\/01\/convoy-de-cine-26-27\/\" data-type=\"URL\" data-id=\"https:\/\/www.lafraguabruta.com\/index.php\/2023\/01\/23\/convoy-de-cine\/\">CONVOY DE CINE<\/a><br><\/u><\/strong>acompa\u00f1amiento grupal intensivo de proyectos<\/p>\n\n\n\n<p class=\"has-text-align-center has-very-light-gray-color has-black-background-color has-text-color has-background has-small-font-size\"><strong><u><a href=\"https:\/\/www.lafraguabruta.com\/index.php\/2025\/10\/19\/improvisar-danza-teatro\/\" data-type=\"link\" data-id=\"https:\/\/www.lafraguabruta.com\/index.php\/2023\/07\/28\/a-lo-butoh\/\">DANZA &#8211; TEATRO &#8211; BUTOH<\/a><\/u><\/strong><br>laboratorio de movimiento e improvisaci\u00f3n danza-teatro<\/p>\n\n\n\n<p class=\"has-text-align-center has-very-light-gray-color has-black-background-color has-text-color has-background has-small-font-size\"><strong><u><a href=\"https:\/\/www.lafraguabruta.com\/index.php\/the-headlight\/\">THE HEADLIGHT<\/a><\/u><\/strong><br>acompa\u00f1amiento personalizado de proyectos<\/p>\n\n\n\n<p class=\"has-text-align-center has-very-light-gray-color has-black-background-color has-text-color has-background has-small-font-size\"><strong><a href=\"https:\/\/www.lafraguabruta.com\/index.php\/encuentros\/\" data-type=\"link\" data-id=\"https:\/\/www.lafraguabruta.com\/index.php\/encuentros\/\">ENCUENTROS E INTENSIVOS<\/a><\/strong><br>formaci\u00f3n intensiva en Danza, Cine y Artes Visuales en diferentes formatos.<\/p>\n\n\n\n<p class=\"has-small-font-size\">\u00bfNews letter? D\u00e9janos tu contacto.<\/p>\n\n\n<p><div class=\"tnp tnp-subscription \">\n<form method=\"post\" action=\"https:\/\/www.lafraguabruta.com\/wp-admin\/admin-ajax.php?action=tnp&amp;na=s\">\n<input type=\"hidden\" name=\"nlang\" value=\"\">\n<div class=\"tnp-field tnp-field-email\"><label for=\"tnp-1\">Email<\/label>\n<input class=\"tnp-email\" type=\"email\" name=\"ne\" id=\"tnp-1\" value=\"\" placeholder=\"\" required><\/div>\n<div class=\"tnp-field tnp-field-button\" style=\"text-align: left\"><input class=\"tnp-submit\" type=\"submit\" value=\"suscripci\u00f3n\" style=\"\">\n<\/div>\n<\/form>\n<\/div>\n<\/p>","protected":false},"excerpt":{"rendered":"<p>CINE EN BRUTOespacio de aprendizaje audiovisual CONVOY DE CINEacompa\u00f1amiento grupal intensivo de proyectos DANZA &#8211; TEATRO &#8211; BUTOHlaboratorio de movimiento e improvisaci\u00f3n danza-teatro THE HEADLIGHTacompa\u00f1amiento personalizado de proyectos ENCUENTROS E INTENSIVOSformaci\u00f3n intensiva en Danza, Cine y Artes Visuales en diferentes formatos. \u00bfNews letter? D\u00e9janos tu contacto.<\/p>\n","protected":false},"author":1,"featured_media":0,"parent":0,"menu_order":0,"comment_status":"closed","ping_status":"closed","template":"","meta":{"footnotes":""},"class_list":["post-489","page","type-page","status-publish","hentry"],"_links":{"self":[{"href":"https:\/\/www.lafraguabruta.com\/index.php\/wp-json\/wp\/v2\/pages\/489","targetHints":{"allow":["GET"]}}],"collection":[{"href":"https:\/\/www.lafraguabruta.com\/index.php\/wp-json\/wp\/v2\/pages"}],"about":[{"href":"https:\/\/www.lafraguabruta.com\/index.php\/wp-json\/wp\/v2\/types\/page"}],"author":[{"embeddable":true,"href":"https:\/\/www.lafraguabruta.com\/index.php\/wp-json\/wp\/v2\/users\/1"}],"replies":[{"embeddable":true,"href":"https:\/\/www.lafraguabruta.com\/index.php\/wp-json\/wp\/v2\/comments?post=489"}],"version-history":[{"count":30,"href":"https:\/\/www.lafraguabruta.com\/index.php\/wp-json\/wp\/v2\/pages\/489\/revisions"}],"predecessor-version":[{"id":3038,"href":"https:\/\/www.lafraguabruta.com\/index.php\/wp-json\/wp\/v2\/pages\/489\/revisions\/3038"}],"wp:attachment":[{"href":"https:\/\/www.lafraguabruta.com\/index.php\/wp-json\/wp\/v2\/media?parent=489"}],"curies":[{"name":"wp","href":"https:\/\/api.w.org\/{rel}","templated":true}]}}