{"id":2814,"date":"2025-11-19T11:52:54","date_gmt":"2025-11-19T11:52:54","guid":{"rendered":"https:\/\/www.lafraguabruta.com\/?page_id=2814"},"modified":"2026-01-12T14:08:44","modified_gmt":"2026-01-12T14:08:44","slug":"in-person-artistic-and-cinematic-gathering-cabo-de-gata-almeria-spain-29-03-26-04-04-2026","status":"publish","type":"page","link":"https:\/\/www.lafraguabruta.com\/index.php\/in-person-artistic-and-cinematic-gathering-cabo-de-gata-almeria-spain-29-03-26-04-04-2026\/","title":{"rendered":"ART AND FILM MICRO RETREAT"},"content":{"rendered":"\n<p>IN-PERSON ARTISTIC AND CINEMATIC GATHERING CABO DE GATA, ALMERIA (SPAIN). 29\/03\/26 &#8211; 04\/04\/2026<\/p>\n\n\n\n<p style=\"font-size:14px;font-style:normal;font-weight:300\">Do you have a project in research or development and want to share its progress, blockages, seeds, hesitations, lights and shadows with others? You do not have a project as such but, in your practice, you research ways to share knowledge or perhaps to break it apart in order to share questions? Do you have a project in research or development but can\u2019t \ufb01nd the space to give it some thought and some body? You do not have a project but feel the desire to explore how to share that which has affected and transformed you in a practical and playful way? Do you have a project in research or development and need to lighten it up, get yourself out of the way, ease the density of your approach, infuse a bit of dynamism by playing with others? You do not have a project but you research ways to bring art and play to life? Do you have a project in research or development and need to experiment with other bodies: direct them, ask them to hold this or that for you, recite a paragraph or two, pose in this or that way, sing, dance, hum, or simply watch you for a while as you do your thing? You do not have a project because your project is the world we share? If yes, perhaps this proposal for a four-day micro retreat, where you can share your project, collaborate with others, and exchange knowledge, might interest you.<\/p>\n\n\n\n<p style=\"font-size:14px;font-style:normal;font-weight:300\">We don\u2019t want to teach anything. We don\u2019t want to produce anything. We don\u2019t want to get anywhere. We don\u2019t want to meet agendas, expectations, or protocols. We don\u2019t want to do things just for the sake of doing them. We don\u2019t want to check off a list of completed tasks. We don\u2019t want to follow any political, spiritual, or theoretical precepts, no matter how much we may agree with certain politics, theories, or spiritualities. If we do so, it will be by default and not because we set it as our mission, theme, or title.<\/p>\n\n\n\n<p style=\"font-size:14px;font-style:normal;font-weight:300\">We want to share. We want to build community. We want to nourish this space with real, simple, everyday, easy encounters. We want to rest from ourselves. We want to do what we need to do without that meaning whatever we feel like. We want to exchange knowledge without it becoming a task. We want to investigate as a group without making participation mandatory. We want to support each other without rules being the rule. We want to play for the sake of playing. We want to challenge ourselves. We want to make our personal world \u2013 whether real or imagined \u2013 a little more open, more available, and more nourished.<\/p>\n\n\n\n<p class=\"has-medium-font-size\" style=\"font-style:normal;font-weight:300\"><strong>QUESTIONS<\/strong><\/p>\n\n\n\n<p style=\"font-size:14px;font-style:normal;font-weight:300\"><strong>A little more concise, please?<\/strong> It&#8217;s a gathering to share knowledge and questions about creative processes. <strong>What type of project we welcome?<\/strong> Any. In principle, any project that needs to do research on the margins, but since it\u2019s hard to know if your margin aligns with ours, it&#8217;s better if you contact us, tell us about it, and we\u2019ll see it together. <strong>And if I don\u2019t have a project, what do I share?<\/strong> Share a story. But do it in a way that the story ends up being told by all of us; do it in a way that from this experience of doing something together, we come to a clearer understanding of something to apply to life; do it in a way that the story matters less than the way we get entangled together in something and are surprised by what results. <strong>What do you mean by sharing our research in a practical way?<\/strong> We mean that you should \ufb01nd a way to avoid being a talking head in front of an audience that nods to what you say while looking at you or your \u2018PowerPoint\u2019 with a face of interest while thinking about what\u2019s for lunch. Invent the most dynamic way possible where the act itself embodies the core of your research. In other words: \ufb01nd a way to share artistically. <strong>How much time will I have to share?<\/strong> It depends. Until you and the other participants tell us what you need and what you\u2019re thinking of, we can\u2019t con\ufb01rm what we can do with available time. Some might need an hour, while others might feel three hours are too short. The best approach is to propose something \ufb02exible that can adapt to the circumstances and limits of the encounter. In other words: be an artist, create a map to explore an uncertain territory. <strong>Will I have any materials?<\/strong> Yes, there will be a projector, a tripod, some basic sound equipment, a camera, a laptop, everything you would \ufb01nd in a house: pots, sheets, chairs, and everything you would \ufb01nd in a natural setting: birds, light, shadow, sand, or sky. If you need something that isn\u2019t on this list, ask us, and if we can bring it, we\u2019ll let you know. In other words: be an artist: do something with whatever is available, even if it\u2019s nothing. <strong>Why should I be interested in the proposals of others?<\/strong> Thank you for asking this question because it allows us to clarify one of the key aspects of this gathering. Coming and participating in and through this gathering means that above any other need, the desire to share should come first. Sharing does not mean using the gathering for your personal goals; it means embracing the possibility that by opening your process\/project to others, you feel that life ends up flowing through it. Thinking that something singular might contribute to enlarging the common space is what we are working on in this micro-retreat. Others&#8217; proposals, believe it or not, whether you feel it or not, are as much yours as they are the other person\u2019s. If this is clear to everyone, giving and sharing become one and the same thing. If this is clear to everyone, the encounter itself becomes an experience through art. Not because we make art, but because it is made by doing, in the doing of all of us. <strong>What happens if at some point I can&#8217;t or don\u2019t want to participate in a proposal from a fellow participant?<\/strong> You will miss out. But there will be no judgment from us. We all have personal circumstances, and we believe these have their own reasons. Do what you need to do, but ask yourself if that need is just an excuse to avoid being affected by the unknown. <strong>Why is the event priced this way if there are no workshops where I\u2019m guaranteed to gain knowledge, learning, or something that will appear in my portfolio of achievements?<\/strong> The event costs the bare minimum to make it possible. We don\u2019t take anything extra, not even for the management and communication work we do. On the other hand, don\u2019t confuse price with value. And lastly, if you\u2019re asking this question, come, even if just to see if you conclude that knowledge that matters is the one that\u2019s experienced, not the one that\u2019s computed. <strong>I have another question that isn\u2019t covered here, what should I do?<\/strong> Ask your mother, she\u2019ll tell you the same thing we would: write to us, the possibilities are vast and don\u2019t \ufb01t in this paragraph. Together, we try to make life easier. <strong>Why do you seem so orthodox in these FAQs?<\/strong> You\u2019re absolutely right. The truth is, we would prefer you to write to us excited about the proposal without us having to communicate according to the canons of clarity and thus separate our practice from our philosophy, but on this occasion, the latter took precedence. We\u2019re sure you understand.<\/p>\n\n\n\n<p class=\"has-medium-font-size\" style=\"font-style:normal;font-weight:300\"><strong>IN DETAIL<\/strong><\/p>\n\n\n\n<p style=\"font-size:14px;font-style:normal;font-weight:300\"><strong>Sunday, March 29, 2026:<\/strong><br><strong>We arrive starting at 5:00 PM<\/strong>. We settle in, introduce ourselves, prepare something for dinner, have dinner, and go to bed early to recharge for the next day. It is possible to arrive on Monday, April 14, as long as you do so before we begin the activities.<\/p>\n\n\n\n<p style=\"font-size:14px;font-style:normal;font-weight:300\"><strong>From Monday, March 30 to Friday, April 3, 2026:<\/strong><br><strong>From 10:00 AM to 8:00 PM:<\/strong> we exchange research and knowledge. Each participant will be assigned a time slot between two and four hours to share their research process with the group in a practical way. The schedules and durations will be established beforehand, after a conversation with each artist, in order to accommodate the group&#8217;s needs as a whole, without diminishing any individual proposal. For the same reason, meal times will be adjusted according to the final schedule.<\/p>\n\n\n\n<p style=\"font-size:14px;font-style:normal;font-weight:300\"><strong>From 8:00 PM onwards<\/strong>: We relax, play music, take walks, have dinner, think, watch the stars, talk, dance, and go down to the sea.<\/p>\n\n\n\n<p style=\"font-size:14px;font-style:normal;font-weight:300\"><strong>Saturday, April 04, 2026:<\/strong><br><strong>From 10:00 AM to 12:00 AM:<\/strong> we share impressions and close the gathering. We leave the place before 12:00 AM.<\/p>\n\n\n\n<p class=\"has-medium-font-size\" style=\"font-style:normal;font-weight:300\"><strong>FOR WHOM<\/strong><\/p>\n\n\n\n<p style=\"font-size:14px;font-style:normal;font-weight:300\">For accomplished artists, emerging artists, or artists who&#8217;ve turned their backs on the traditional path, who are eager to create community and share both doubts and knowledge.<\/p>\n\n\n\n<p class=\"has-medium-font-size\" style=\"font-style:normal;font-weight:300\"><strong>WHERE<\/strong><\/p>\n\n\n\n<p style=\"font-size:14px;font-style:normal;font-weight:300\">In Molino Fern\u00e1n P\u00e9rez, in the region of Cabo de Gata \u2013 N\u00edjar, Almer\u00eda (Espa\u00f1a). If you need more information about the type and conditions of the accommodation, feel free to write to us.<\/p>\n\n\n<div class=\"wp-block-image is-style-rounded\">\n<figure class=\"aligncenter size-large is-resized\" id=\"block-8662d670-1d0b-4d23-b8ba-9da35c39636b\"><img loading=\"lazy\" decoding=\"async\" width=\"1920\" height=\"1324\" src=\"https:\/\/i0.wp.com\/www.lafraguabruta.com\/wp-content\/uploads\/2024\/12\/playa-monsul-cabo-gata-almeria-30747486.jpg?fit=640%2C441&amp;ssl=1\" alt=\"\" class=\"wp-image-2527\" style=\"aspect-ratio:16\/9;object-fit:cover;width:400px\" srcset=\"https:\/\/i0.wp.com\/www.lafraguabruta.com\/wp-content\/uploads\/2024\/12\/playa-monsul-cabo-gata-almeria-30747486.jpg?w=1920&amp;ssl=1 1920w, https:\/\/i0.wp.com\/www.lafraguabruta.com\/wp-content\/uploads\/2024\/12\/playa-monsul-cabo-gata-almeria-30747486.jpg?resize=300%2C207&amp;ssl=1 300w, https:\/\/i0.wp.com\/www.lafraguabruta.com\/wp-content\/uploads\/2024\/12\/playa-monsul-cabo-gata-almeria-30747486.jpg?resize=1024%2C706&amp;ssl=1 1024w, https:\/\/i0.wp.com\/www.lafraguabruta.com\/wp-content\/uploads\/2024\/12\/playa-monsul-cabo-gata-almeria-30747486.jpg?resize=768%2C530&amp;ssl=1 768w, https:\/\/i0.wp.com\/www.lafraguabruta.com\/wp-content\/uploads\/2024\/12\/playa-monsul-cabo-gata-almeria-30747486.jpg?resize=1536%2C1059&amp;ssl=1 1536w, https:\/\/i0.wp.com\/www.lafraguabruta.com\/wp-content\/uploads\/2024\/12\/playa-monsul-cabo-gata-almeria-30747486.jpg?resize=600%2C414&amp;ssl=1 600w, https:\/\/i0.wp.com\/www.lafraguabruta.com\/wp-content\/uploads\/2024\/12\/playa-monsul-cabo-gata-almeria-30747486.jpg?w=1280&amp;ssl=1 1280w\" sizes=\"auto, (max-width: 640px) 100vw, 640px\" \/><\/figure>\n<\/div>\n\n\n<p><\/p>\n\n\n\n<p class=\"has-medium-font-size\"><strong>LOGISTICS<\/strong><\/p>\n\n\n\n<p style=\"font-size:14px;font-style:normal;font-weight:300\">We carpool whenever possible and if the routes align.<br>The food will be vegetarian. We will consider allergies and intolerances as much as possible. We take turns cooking and cleaning. We keep it simple, making it easy.<br>There are rooms with single and double beds. There are sofas.<br>Once we\u2019re there, we\u2019ll settle in accordance to individual needs and flexibility levels. Together and making it easy for each other.<br>It\u2019s not a five-star hotel, and we are not royal housekeepers.<\/p>\n\n\n\n<p class=\"has-medium-font-size\"><strong>DATES, TIMES, AND PRICES<\/strong><\/p>\n\n\n\n<p style=\"font-size:14px;font-style:normal;font-weight:300\">\u20ac590 if you register before February 28th.<br>\u20ac650 if you register after February 28th.<br>Limited places.<br>*For those on a tight budget: ask us.<\/p>\n\n\n\n<p><strong>REGISTRATION<\/strong><\/p>\n\n\n\n<p style=\"font-size:14px;font-style:normal;font-weight:300\">Registration is done by sending an email to La Fragua Bruta specifying the activity you wish to attend.<br>Payment is made by bank transfer with \u00ab<strong>MICRORESI26<\/strong>\u00bb as the reference.<br>Once we receive the proof of payment, we\u2019ll reserve your spot for the event and confirm your registration via email.<\/p>\n\n\n\n<div class=\"wpcf7 no-js\" id=\"wpcf7-f2564-o1\" lang=\"es-ES\" dir=\"ltr\" data-wpcf7-id=\"2564\">\n<div class=\"screen-reader-response\"><p role=\"status\" aria-live=\"polite\" aria-atomic=\"true\"><\/p> <ul><\/ul><\/div>\n<form action=\"\/index.php\/wp-json\/wp\/v2\/pages\/2814#wpcf7-f2564-o1\" method=\"post\" class=\"wpcf7-form init\" aria-label=\"Formulario de contacto\" novalidate=\"novalidate\" data-status=\"init\">\n<fieldset class=\"hidden-fields-container\"><input type=\"hidden\" name=\"_wpcf7\" value=\"2564\" \/><input type=\"hidden\" name=\"_wpcf7_version\" value=\"6.1.5\" \/><input type=\"hidden\" name=\"_wpcf7_locale\" value=\"es_ES\" \/><input type=\"hidden\" name=\"_wpcf7_unit_tag\" value=\"wpcf7-f2564-o1\" \/><input type=\"hidden\" name=\"_wpcf7_container_post\" value=\"0\" \/><input type=\"hidden\" name=\"_wpcf7_posted_data_hash\" value=\"\" \/>\n<\/fieldset>\n<p><label> what's your name? \/ name:<br \/>\n<span class=\"wpcf7-form-control-wrap\" data-name=\"your-name\"><input size=\"40\" maxlength=\"400\" class=\"wpcf7-form-control wpcf7-text wpcf7-validates-as-required\" autocomplete=\"name\" aria-required=\"true\" aria-invalid=\"false\" value=\"\" type=\"text\" name=\"your-name\" \/><\/span> <\/label>\n<\/p>\n<p><label> what is your email address? \/ e-mail:<br \/>\n<span class=\"wpcf7-form-control-wrap\" data-name=\"your-email\"><input size=\"40\" maxlength=\"400\" class=\"wpcf7-form-control wpcf7-email wpcf7-validates-as-required wpcf7-text wpcf7-validates-as-email\" autocomplete=\"email\" aria-required=\"true\" aria-invalid=\"false\" value=\"\" type=\"email\" name=\"your-email\" \/><\/span> <\/label>\n<\/p>\n<p><label> what is it about? \/ subject:<br \/>\n<span class=\"wpcf7-form-control-wrap\" data-name=\"your-subject\"><input size=\"40\" maxlength=\"400\" class=\"wpcf7-form-control wpcf7-text wpcf7-validates-as-required\" aria-required=\"true\" aria-invalid=\"false\" value=\"\" type=\"text\" name=\"your-subject\" \/><\/span> <\/label>\n<\/p>\n<p><label> tell us about it! \/ message:<br \/>\n<span class=\"wpcf7-form-control-wrap\" data-name=\"your-message\"><textarea cols=\"40\" rows=\"10\" maxlength=\"2000\" class=\"wpcf7-form-control wpcf7-textarea\" aria-invalid=\"false\" name=\"your-message\"><\/textarea><\/span> <\/label>\n<\/p>\n<p><input class=\"wpcf7-form-control wpcf7-submit has-spinner\" type=\"submit\" value=\"send it\" \/>\n<\/p><p style=\"display: none !important;\" class=\"akismet-fields-container\" data-prefix=\"_wpcf7_ak_\"><label>&#916;<textarea name=\"_wpcf7_ak_hp_textarea\" cols=\"45\" rows=\"8\" maxlength=\"100\"><\/textarea><\/label><input type=\"hidden\" id=\"ak_js_1\" name=\"_wpcf7_ak_js\" value=\"160\"\/><script type=\"text\/javascript\">\n\/* <![CDATA[ *\/\ndocument.getElementById( \"ak_js_1\" ).setAttribute( \"value\", ( new Date() ).getTime() );\n\/* ]]> *\/\n<\/script>\n<\/p><div class=\"wpcf7-response-output\" aria-hidden=\"true\"><\/div>\n<\/form>\n<\/div>\n\n\n\n\n<p id=\"block-e5f35a25-66d8-4ac8-9e71-3aeb16dd41e3\"><strong>BY<\/strong><\/p>\n\n\n\n<div class=\"wp-block-columns is-layout-flex wp-container-core-columns-is-layout-9d6595d7 wp-block-columns-is-layout-flex\">\n<div class=\"wp-block-column is-layout-flow wp-block-column-is-layout-flow\" style=\"flex-basis:50%\"><div class=\"wp-block-image is-style-rounded\">\n<figure class=\"aligncenter size-full is-resized\" id=\"block-06561179-fc9d-4c96-82b8-a06af055a66a\"><img data-recalc-dims=\"1\" loading=\"lazy\" decoding=\"async\" width=\"640\" height=\"641\" src=\"https:\/\/i0.wp.com\/www.lafraguabruta.com\/wp-content\/uploads\/2024\/10\/IMG_3470.jpg?resize=640%2C641&#038;ssl=1\" alt=\"\" class=\"wp-image-2462\" style=\"width:252px;height:auto\" srcset=\"https:\/\/i0.wp.com\/www.lafraguabruta.com\/wp-content\/uploads\/2024\/10\/IMG_3470.jpg?w=640&amp;ssl=1 640w, https:\/\/i0.wp.com\/www.lafraguabruta.com\/wp-content\/uploads\/2024\/10\/IMG_3470.jpg?resize=300%2C300&amp;ssl=1 300w, https:\/\/i0.wp.com\/www.lafraguabruta.com\/wp-content\/uploads\/2024\/10\/IMG_3470.jpg?resize=150%2C150&amp;ssl=1 150w, https:\/\/i0.wp.com\/www.lafraguabruta.com\/wp-content\/uploads\/2024\/10\/IMG_3470.jpg?resize=600%2C601&amp;ssl=1 600w\" sizes=\"auto, (max-width: 640px) 100vw, 640px\" \/><figcaption class=\"wp-element-caption\"><a href=\"https:\/\/www.lafraguabruta.com\/index.php\/las-fraguantes\/\">Patricia Delso<\/a><\/figcaption><\/figure>\n<\/div><\/div>\n\n\n\n<div class=\"wp-block-column is-layout-flow wp-block-column-is-layout-flow\" style=\"flex-basis:50%\"><div class=\"wp-block-image is-style-rounded\">\n<figure class=\"aligncenter size-full is-resized\" id=\"block-06561179-fc9d-4c96-82b8-a06af055a66a\"><img data-recalc-dims=\"1\" decoding=\"async\" src=\"https:\/\/i0.wp.com\/www.lafraguabruta.com\/wp-content\/uploads\/2025\/02\/fotodeperfil.jpg?w=640&#038;ssl=1\" alt=\"\" class=\"wp-image-2603\" style=\"width:252px;height:auto\"\/><figcaption class=\"wp-element-caption\"><a href=\"https:\/\/www.lafraguabruta.com\/index.php\/las-brutas\/\">Elena Arroyo<\/a><\/figcaption><\/figure>\n<\/div><\/div>\n<\/div>\n\n\n\n<p><strong>OTHER ENCOUNTERS LOOK LIKE<\/strong> <strong>THIS<\/strong>:<\/p>\n\n\n\n<iframe loading=\"lazy\" src=\"https:\/\/player.vimeo.com\/video\/1118999496?badge=0&amp;autopause=0&amp;player_id=0&amp;app_id=58479&amp;autoplay=1&amp;muted=1&amp;loop=1\" width=\"237\" height=\"420\" frameborder=\"0\" allow=\"autoplay; fullscreen; picture-in-picture; clipboard-write; encrypted-media; web-share\" referrerpolicy=\"strict-origin-when-cross-origin\" title=\"Encuentro_02\"><\/iframe>\n\n\n\n<iframe loading=\"lazy\" src=\"https:\/\/player.vimeo.com\/video\/1118999423?badge=0&amp;autopause=0&amp;player_id=0&amp;app_id=58479&amp;autoplay=1&amp;muted=1&amp;loop=1\" width=\"237\" height=\"420\" frameborder=\"0\" allow=\"autoplay; fullscreen; picture-in-picture; clipboard-write; encrypted-media; web-share\" referrerpolicy=\"strict-origin-when-cross-origin\" title=\"Encuentros_01\"><\/iframe>\n\n\n\n<iframe loading=\"lazy\" src=\"https:\/\/player.vimeo.com\/video\/1153002415?badge=0&amp;autopause=0&amp;player_id=0&amp;app_id=58479&amp;autoplay=1&amp;muted=1&amp;loop=1\" width=\"237\" height=\"420\" frameborder=\"0\" allow=\"autoplay; fullscreen; picture-in-picture; clipboard-write; encrypted-media; web-share\" referrerpolicy=\"strict-origin-when-cross-origin\" title=\"Encuentro_02\"><\/iframe>\n","protected":false},"excerpt":{"rendered":"<p>IN-PERSON ARTISTIC AND CINEMATIC GATHERING CABO DE GATA, ALMERIA (SPAIN). 29\/03\/26 &#8211; 04\/04\/2026 Do you have a project in research or development and want to share its progress, blockages, seeds, hesitations, lights and shadows with others? You do not have a project as such but, in your practice, you research ways to share knowledge or [&hellip;]<\/p>\n","protected":false},"author":1,"featured_media":0,"parent":0,"menu_order":0,"comment_status":"closed","ping_status":"closed","template":"","meta":{"footnotes":""},"class_list":["post-2814","page","type-page","status-publish","hentry"],"_links":{"self":[{"href":"https:\/\/www.lafraguabruta.com\/index.php\/wp-json\/wp\/v2\/pages\/2814","targetHints":{"allow":["GET"]}}],"collection":[{"href":"https:\/\/www.lafraguabruta.com\/index.php\/wp-json\/wp\/v2\/pages"}],"about":[{"href":"https:\/\/www.lafraguabruta.com\/index.php\/wp-json\/wp\/v2\/types\/page"}],"author":[{"embeddable":true,"href":"https:\/\/www.lafraguabruta.com\/index.php\/wp-json\/wp\/v2\/users\/1"}],"replies":[{"embeddable":true,"href":"https:\/\/www.lafraguabruta.com\/index.php\/wp-json\/wp\/v2\/comments?post=2814"}],"version-history":[{"count":7,"href":"https:\/\/www.lafraguabruta.com\/index.php\/wp-json\/wp\/v2\/pages\/2814\/revisions"}],"predecessor-version":[{"id":2871,"href":"https:\/\/www.lafraguabruta.com\/index.php\/wp-json\/wp\/v2\/pages\/2814\/revisions\/2871"}],"wp:attachment":[{"href":"https:\/\/www.lafraguabruta.com\/index.php\/wp-json\/wp\/v2\/media?parent=2814"}],"curies":[{"name":"wp","href":"https:\/\/api.w.org\/{rel}","templated":true}]}}