{"id":2268,"date":"2024-07-10T15:46:49","date_gmt":"2024-07-10T15:46:49","guid":{"rendered":"https:\/\/www.lafraguabruta.com\/?page_id=2268"},"modified":"2026-04-28T09:39:22","modified_gmt":"2026-04-28T09:39:22","slug":"encuentros","status":"publish","type":"page","link":"https:\/\/www.lafraguabruta.com\/index.php\/encuentros\/","title":{"rendered":"ENCUENTROS"},"content":{"rendered":"\n<p class=\"has-small-font-size\"><strong>PR\u00d3XIMOS<\/strong> <strong>ENCUENTROS Y OTROS TINGLAOS<\/strong>:<\/p>\n\n\n\n<pre class=\"wp-block-preformatted has-background has-small-font-size\" style=\"background-color:#ebfbe0\"><strong>MAYO:<\/strong><br><strong>10 de mayo de 2026<\/strong>. <a href=\"https:\/\/www.lafraguabruta.com\/index.php\/2025\/05\/05\/just-walks-12\/\" data-type=\"link\" data-id=\"https:\/\/www.lafraguabruta.com\/index.php\/2025\/05\/05\/just-walks-12\/\"><strong>Just Walks<\/strong><\/a>. Arte y movimiento. Madrid ciudad.<br><strong>16 - 17 de mayo 2026.<\/strong> <a href=\"https:\/\/www.lafraguabruta.com\/index.php\/2026\/03\/18\/intensivo-butoh\/\" data-type=\"link\" data-id=\"https:\/\/www.lafraguabruta.com\/index.php\/2026\/03\/18\/intensivo-butoh\/\"><strong>Intensivo danza butoh<\/strong><\/a>. Valencia ciudad.<br><br><strong>JUNIO:<\/strong><br><strong>5-7 de junio<\/strong> <strong>2026<\/strong>. Cierre de cursos. El Planch\u00f3n, Garv\u00edn de la Jara, C\u00e1ceres.<br><br><strong>JULIO:<\/strong><br><strong>11-19 de Julio 2026.<\/strong> <a href=\"https:\/\/www.lafraguabruta.com\/index.php\/2026\/01\/23\/no-home-summer-movie\/\" data-type=\"link\" data-id=\"https:\/\/www.lafraguabruta.com\/index.php\/2026\/01\/23\/no-home-summer-movie\/\"><strong>NO-HOME SUMMER MOVIE<\/strong><\/a>. Encuentro de cocreaci\u00f3n. El Planch\u00f3n, Garv\u00edn de la Jara, C\u00e1ceres.<\/pre>\n\n\n\n<p class=\"has-small-font-size\"><strong>ENCUENTROS Y OTROS TINGLAOS PASADOS:<\/strong><\/p>\n\n\n\n<iframe loading=\"lazy\" src=\"https:\/\/player.vimeo.com\/video\/1118999496?badge=0&amp;autopause=0&amp;player_id=0&amp;app_id=58479&amp;autoplay=1&amp;muted=1&amp;loop=1\" width=\"237\" height=\"420\" frameborder=\"0\" allow=\"autoplay; fullscreen; picture-in-picture; clipboard-write; encrypted-media; web-share\" referrerpolicy=\"strict-origin-when-cross-origin\" title=\"Encuentro_02\"><\/iframe>\n\n\n\n<iframe loading=\"lazy\" src=\"https:\/\/player.vimeo.com\/video\/1118999423?badge=0&amp;autopause=0&amp;player_id=0&amp;app_id=58479&amp;autoplay=1&amp;muted=1&amp;loop=1\" width=\"237\" height=\"420\" frameborder=\"0\" allow=\"autoplay; fullscreen; picture-in-picture; clipboard-write; encrypted-media; web-share\" referrerpolicy=\"strict-origin-when-cross-origin\" title=\"Encuentros_01\"><\/iframe>\n\n\n\n<iframe loading=\"lazy\" src=\"https:\/\/player.vimeo.com\/video\/1153002415?badge=0&amp;autopause=0&amp;player_id=0&amp;app_id=58479&amp;autoplay=1&amp;muted=1&amp;loop=1\" width=\"237\" height=\"420\" frameborder=\"0\" allow=\"autoplay; fullscreen; picture-in-picture; clipboard-write; encrypted-media; web-share\" referrerpolicy=\"strict-origin-when-cross-origin\" title=\"Encuentro_02\"><\/iframe>\n\n\n\n<iframe loading=\"lazy\" src=\"https:\/\/player.vimeo.com\/video\/1138531928?badge=0&amp;amp;autopause=0&amp;amp;player_id=0&amp;amp;app_id=58479&amp;amp;autoplay=1&amp;amp;muted=1&amp;amp;loop=1\" width=\"237\" height=\"420\" frameborder=\"0\" allow=\"autoplay; fullscreen; picture-in-picture; clipboard-write; encrypted-media; web-share\" referrerpolicy=\"strict-origin-when-cross-origin\" title=\"walk\"><\/iframe>\n\n\n\n<iframe loading=\"lazy\" src=\"https:\/\/player.vimeo.com\/video\/1138530156?badge=0&amp;amp;autopause=0&amp;amp;player_id=0&amp;amp;app_id=58479&amp;amp;autoplay=1&amp;amp;muted=1&amp;amp;loop=1\" width=\"237\" height=\"420\" frameborder=\"0\" allow=\"autoplay; fullscreen; picture-in-picture; clipboard-write; encrypted-media; web-share\" referrerpolicy=\"strict-origin-when-cross-origin\" title=\"walktrenzar\"><\/iframe>\n\n\n\n<iframe loading=\"lazy\" src=\"https:\/\/player.vimeo.com\/video\/1187256528?badge=0&amp;amp;autopause=0&amp;amp;player_id=0&amp;amp;app_id=58479&amp;amp;autoplay=1&amp;amp;muted=1&amp;amp;loop=1\" width=\"237\" height=\"420\" frameborder=\"0\" allow=\"autoplay; fullscreen; picture-in-picture; clipboard-write; encrypted-media; web-share\" referrerpolicy=\"strict-origin-when-cross-origin\" title=\"walk\"><\/iframe>\n\n\n\n<p class=\"has-small-font-size\">\u00bfM\u00e1s info?<\/p>\n\n\n\n<div class=\"wpcf7 no-js\" id=\"wpcf7-f3013-o1\" lang=\"es-ES\" dir=\"ltr\" data-wpcf7-id=\"3013\">\n<div class=\"screen-reader-response\"><p role=\"status\" aria-live=\"polite\" aria-atomic=\"true\"><\/p> <ul><\/ul><\/div>\n<form action=\"\/index.php\/wp-json\/wp\/v2\/pages\/2268#wpcf7-f3013-o1\" method=\"post\" class=\"wpcf7-form init\" aria-label=\"Formulario de contacto\" novalidate=\"novalidate\" data-status=\"init\">\n<fieldset class=\"hidden-fields-container\"><input type=\"hidden\" name=\"_wpcf7\" value=\"3013\" \/><input type=\"hidden\" name=\"_wpcf7_version\" value=\"6.1.5\" \/><input type=\"hidden\" name=\"_wpcf7_locale\" value=\"es_ES\" \/><input type=\"hidden\" name=\"_wpcf7_unit_tag\" value=\"wpcf7-f3013-o1\" \/><input type=\"hidden\" name=\"_wpcf7_container_post\" value=\"0\" \/><input type=\"hidden\" name=\"_wpcf7_posted_data_hash\" value=\"\" \/>\n<\/fieldset>\n<p><label> e-mail:<br \/>\n<span class=\"wpcf7-form-control-wrap\" data-name=\"your-email\"><input size=\"40\" maxlength=\"400\" class=\"wpcf7-form-control wpcf7-email wpcf7-validates-as-required wpcf7-text wpcf7-validates-as-email\" autocomplete=\"email\" aria-required=\"true\" aria-invalid=\"false\" value=\"\" type=\"email\" name=\"your-email\" \/><\/span> <\/label>\n<\/p>\n<p><input class=\"wpcf7-form-control wpcf7-submit has-spinner\" type=\"submit\" value=\"enviar\" \/>\n<\/p><p style=\"display: none !important;\" class=\"akismet-fields-container\" data-prefix=\"_wpcf7_ak_\"><label>&#916;<textarea name=\"_wpcf7_ak_hp_textarea\" cols=\"45\" rows=\"8\" maxlength=\"100\"><\/textarea><\/label><input type=\"hidden\" id=\"ak_js_1\" name=\"_wpcf7_ak_js\" value=\"171\"\/><script type=\"text\/javascript\">\n\/* <![CDATA[ *\/\ndocument.getElementById( \"ak_js_1\" ).setAttribute( \"value\", ( new Date() ).getTime() );\n\/* ]]> *\/\n<\/script>\n<\/p><div class=\"wpcf7-response-output\" aria-hidden=\"true\"><\/div>\n<\/form>\n<\/div>\n\n","protected":false},"excerpt":{"rendered":"<p>PR\u00d3XIMOS ENCUENTROS Y OTROS TINGLAOS: MAYO:10 de mayo de 2026. Just Walks. Arte y movimiento. Madrid ciudad.16 &#8211; 17 de mayo 2026. Intensivo danza butoh. Valencia ciudad.JUNIO:5-7 de junio 2026. Cierre de cursos. El Planch\u00f3n, Garv\u00edn de la Jara, C\u00e1ceres.JULIO:11-19 de Julio 2026. NO-HOME SUMMER MOVIE. Encuentro de cocreaci\u00f3n. El Planch\u00f3n, Garv\u00edn de la Jara, [&hellip;]<\/p>\n","protected":false},"author":1,"featured_media":0,"parent":0,"menu_order":0,"comment_status":"closed","ping_status":"closed","template":"","meta":{"footnotes":""},"class_list":["post-2268","page","type-page","status-publish","hentry"],"_links":{"self":[{"href":"https:\/\/www.lafraguabruta.com\/index.php\/wp-json\/wp\/v2\/pages\/2268","targetHints":{"allow":["GET"]}}],"collection":[{"href":"https:\/\/www.lafraguabruta.com\/index.php\/wp-json\/wp\/v2\/pages"}],"about":[{"href":"https:\/\/www.lafraguabruta.com\/index.php\/wp-json\/wp\/v2\/types\/page"}],"author":[{"embeddable":true,"href":"https:\/\/www.lafraguabruta.com\/index.php\/wp-json\/wp\/v2\/users\/1"}],"replies":[{"embeddable":true,"href":"https:\/\/www.lafraguabruta.com\/index.php\/wp-json\/wp\/v2\/comments?post=2268"}],"version-history":[{"count":59,"href":"https:\/\/www.lafraguabruta.com\/index.php\/wp-json\/wp\/v2\/pages\/2268\/revisions"}],"predecessor-version":[{"id":3051,"href":"https:\/\/www.lafraguabruta.com\/index.php\/wp-json\/wp\/v2\/pages\/2268\/revisions\/3051"}],"wp:attachment":[{"href":"https:\/\/www.lafraguabruta.com\/index.php\/wp-json\/wp\/v2\/media?parent=2268"}],"curies":[{"name":"wp","href":"https:\/\/api.w.org\/{rel}","templated":true}]}}