{"id":210,"date":"2020-06-23T18:57:11","date_gmt":"2020-06-23T18:57:11","guid":{"rendered":"https:\/\/www.lafraguabruta.com\/?page_id=210"},"modified":"2021-02-24T13:35:45","modified_gmt":"2021-02-24T13:35:45","slug":"on-cineclub","status":"publish","type":"page","link":"https:\/\/www.lafraguabruta.com\/index.php\/on-cineclub\/","title":{"rendered":"ON-CINECLUB"},"content":{"rendered":"\n<p><strong>CINE CLUB ON-LINE<\/strong><\/p>\n\n\n\n<p>\u00bfGanas de ver y conversar de cine? \u00bfGanas de propuestas de vanguardia? El <strong>Bruto On-Cineclub<\/strong> es un espacio para analizar y hablar de cine. Una cuidada selecci\u00f3n de pel\u00edculas para aproximarnos al cine de vanguardia, el cine underground, el cine de minor\u00edas, el cine pol\u00edtico o el cine dom\u00e9stico. Una ruta excepcional para ensanchar los horizontes de nuestro imaginario, aprender de los diferentes procesos de creaci\u00f3n, entender sobre las variadas apuestas formales y completar el mapa de referencias en donde se inscribe cada propuesta. M\u00e1s all\u00e1 de su especificidad individual, todas las piezas dialogan entre s\u00ed conformando una red de impresiones sobre el mundo y el medio de creaci\u00f3n. Conocerlas, es conocernos, mirarlas es mirarnos.<\/p>\n\n\n\n<p><strong>DIN\u00c1MICA<\/strong><\/p>\n\n\n\n<p>Una vez se incriba el\/la participante, le haremos saber d\u00f3nde puede acceder al material propuesto. La sesi\u00f3n del Bruto On-Cineclub se celebrar\u00e1 en formato on-line mediante plataforma zoom. En la sesi\u00f3n nos centraremos en el an\u00e1lisis y comentario. En ning\u00fan caso se dedicar\u00e1 tiempo a ver las pel\u00edculas propuestas completas, todo lo m\u00e1s, aquellas secuencias o fragmentos que por su relevancia contribuyan al \u00f3ptimo desarrollo del encuentro. <\/p>\n\n\n\n<p><br>Las sesiones del Bruto On-Cineclub se grabar\u00e1n y se almacenar\u00e1n en un servidor privado durante una semana para poder compartir el enlace exclusivamente a aquellos\/as participantes que, habiendo reservado su plaza, el d\u00eda de la sesi\u00f3n se vean impedidos a participar. Estas grabaciones se borrar\u00e1n pasada una semana.<\/p>\n\n\n\n<p><strong>DESTINATARIOS<\/strong><\/p>\n\n\n\n<p>Destinado a toda persona a quien le guste el cine y quiera aprender a ver cine desde otros puntos de vista.<\/p>\n\n\n\n<p><strong>HORARIOS Y PRECIOS<\/strong><\/p>\n\n\n\n<p>Todos los <strong>mi\u00e9rcoles<\/strong> del curso lectivo.<br>De 20h a 21:30h. en horario del meridiano Greenwich. <a href=\"https:\/\/www.zeitverschiebung.net\/es\/\">Ver conversor de horarios para otros pa\u00edses<\/a>.<br>De 6 a 15 plazas.<br>10\u20ac la sesi\u00f3n suelta.<br>40\u20ac el mes.<\/p>\n\n\n\n<p><strong>A CARGO DE<\/strong><\/p>\n\n\n\n<div class=\"wp-block-image is-style-rounded\"><figure class=\"alignleft\"><img data-recalc-dims=\"1\" loading=\"lazy\" decoding=\"async\" width=\"280\" height=\"280\" src=\"https:\/\/i0.wp.com\/www.lafraguabruta.com\/wp-content\/uploads\/2020\/06\/Lola-Mayo-Perfil-1.png?resize=280%2C280&#038;ssl=1\" alt=\"\" class=\"wp-image-34\" srcset=\"https:\/\/i0.wp.com\/www.lafraguabruta.com\/wp-content\/uploads\/2020\/06\/Lola-Mayo-Perfil-1.png?w=280&amp;ssl=1 280w, https:\/\/i0.wp.com\/www.lafraguabruta.com\/wp-content\/uploads\/2020\/06\/Lola-Mayo-Perfil-1.png?resize=150%2C150&amp;ssl=1 150w\" sizes=\"auto, (max-width: 280px) 100vw, 280px\" \/><figcaption><a href=\"https:\/\/www.lafraguabruta.com\/index.php\/las-brutas\/\"><strong>Lola Mayo<\/strong><\/a><\/figcaption><\/figure><\/div>\n\n\n\n<div class=\"wp-block-image is-style-rounded\"><figure class=\"alignleft\"><img data-recalc-dims=\"1\" loading=\"lazy\" decoding=\"async\" width=\"280\" height=\"280\" src=\"https:\/\/i0.wp.com\/www.lafraguabruta.com\/wp-content\/uploads\/2020\/06\/E.Arroyo_Perfil.png?resize=280%2C280&#038;ssl=1\" alt=\"\" class=\"wp-image-30\" srcset=\"https:\/\/i0.wp.com\/www.lafraguabruta.com\/wp-content\/uploads\/2020\/06\/E.Arroyo_Perfil.png?w=280&amp;ssl=1 280w, https:\/\/i0.wp.com\/www.lafraguabruta.com\/wp-content\/uploads\/2020\/06\/E.Arroyo_Perfil.png?resize=150%2C150&amp;ssl=1 150w\" sizes=\"auto, (max-width: 280px) 100vw, 280px\" \/><figcaption><strong><a href=\"https:\/\/www.lafraguabruta.com\/index.php\/las-brutas\/\">Elena Arroyo<\/a><\/strong><br><br><\/figcaption><\/figure><\/div>\n\n\n\n<p>*En ocasiones, habr\u00e1 invitados\/as especiales. Su asistencia se anunciar\u00e1 con suficiente antelaci\u00f3n.<\/p>\n\n\n\n\n\n<p><strong>INSCRIPCI\u00d3N<\/strong><\/p>\n\n\n\n<p>La inscripci\u00f3n se realizar\u00e1 mediante el env\u00edo de email a <a href=\"mailto: lafragua@lafraguabruta.com\">La Fragua Bruta<\/a> indicando la sesi\u00f3n o sesiones a las que se quiere asistir y los datos del\/a participante. El pago se realizar\u00e1 mediante transferencia bancaria indicando como concepto cineclub + la fecha de la sesi\u00f3n. Una vez recibamos el justificante de ingreso, os reservamos la butaca para el encuentro respondiendo a vuestra inscripci\u00f3n con un correo de confirmaci\u00f3n.<\/p>\n","protected":false},"excerpt":{"rendered":"<p>CINE CLUB ON-LINE \u00bfGanas de ver y conversar de cine? \u00bfGanas de propuestas de vanguardia? El Bruto On-Cineclub es un espacio para analizar y hablar de cine. Una cuidada selecci\u00f3n de pel\u00edculas para aproximarnos al cine de vanguardia, el cine underground, el cine de minor\u00edas, el cine pol\u00edtico o el cine dom\u00e9stico. Una ruta excepcional [&hellip;]<\/p>\n","protected":false},"author":1,"featured_media":334,"parent":0,"menu_order":0,"comment_status":"closed","ping_status":"closed","template":"","meta":{"footnotes":""},"class_list":["post-210","page","type-page","status-publish","has-post-thumbnail","hentry"],"_links":{"self":[{"href":"https:\/\/www.lafraguabruta.com\/index.php\/wp-json\/wp\/v2\/pages\/210","targetHints":{"allow":["GET"]}}],"collection":[{"href":"https:\/\/www.lafraguabruta.com\/index.php\/wp-json\/wp\/v2\/pages"}],"about":[{"href":"https:\/\/www.lafraguabruta.com\/index.php\/wp-json\/wp\/v2\/types\/page"}],"author":[{"embeddable":true,"href":"https:\/\/www.lafraguabruta.com\/index.php\/wp-json\/wp\/v2\/users\/1"}],"replies":[{"embeddable":true,"href":"https:\/\/www.lafraguabruta.com\/index.php\/wp-json\/wp\/v2\/comments?post=210"}],"version-history":[{"count":22,"href":"https:\/\/www.lafraguabruta.com\/index.php\/wp-json\/wp\/v2\/pages\/210\/revisions"}],"predecessor-version":[{"id":904,"href":"https:\/\/www.lafraguabruta.com\/index.php\/wp-json\/wp\/v2\/pages\/210\/revisions\/904"}],"wp:featuredmedia":[{"embeddable":true,"href":"https:\/\/www.lafraguabruta.com\/index.php\/wp-json\/wp\/v2\/media\/334"}],"wp:attachment":[{"href":"https:\/\/www.lafraguabruta.com\/index.php\/wp-json\/wp\/v2\/media?parent=210"}],"curies":[{"name":"wp","href":"https:\/\/api.w.org\/{rel}","templated":true}]}}