{"id":1138,"date":"2021-05-25T11:24:18","date_gmt":"2021-05-25T11:24:18","guid":{"rendered":"https:\/\/www.lafraguabruta.com\/?page_id=1138"},"modified":"2022-08-25T10:04:52","modified_gmt":"2022-08-25T10:04:52","slug":"fraguantes-de-cine-en-bruto","status":"publish","type":"page","link":"https:\/\/www.lafraguabruta.com\/index.php\/fraguantes-de-cine-en-bruto\/","title":{"rendered":"FRAGUANTES DE CINE EN BRUTO"},"content":{"rendered":"\n<p><\/p>\n\n\n\n<p id=\"block-7589caba-ac31-476e-ab00-9d569a2fd0fd\">Lola Mayo, Elena Arroyo, Javier Rebollo, Manolo Mu\u00f1oz, Guillermo Peydr\u00f3, Noem\u00ed Garc\u00eda, Almudena S\u00e1nchez, Samuel Delgado y Helena Gir\u00f3n, Chus Dom\u00ednguez, Irene Guti\u00e9rrez, Jose Alay\u00f3n, entre otros.<\/p>\n\n\n\n<div id=\"block-733df730-cf1f-45b6-a3a5-a517f7f1e3ad\" class=\"wp-block-image is-style-rounded\"><figure class=\"aligncenter\"><img data-recalc-dims=\"1\" decoding=\"async\" src=\"https:\/\/i0.wp.com\/www.lafraguabruta.com\/wp-content\/uploads\/2020\/06\/Lola-Mayo-Perfil-1.png?w=640&#038;ssl=1\" alt=\"Lola-Mayo-Fotograf\u00eda de Perfil\"\/><figcaption><strong>LOLA MAYO<\/strong> es escritora, guionista, productora y documentalista. Coproductora y coguionista de todas las pel\u00edculas del cineasta espa\u00f1ol Javier Rebollo. Entre ellas \u201cLa Mujer sin Piano\u201d (2009), Concha de Plata en el Festival de San Sebasti\u00e1n y el Premio a la Mejor Pel\u00edcula en el Festival de Cine de Los \u00c1ngeles; y \u201cLo que s\u00e9 de Lola\u201d (2006), nominada al Goya a la Mejor Direcci\u00f3n Novel, Premio FIPRESCI y Opera Prima en el Festival de Guadalajara y en el Gran Premio del Festival Internacional de Se\u00fal. Mucho de su trabajo como guionista <a href=\"http:\/\/www.lolitafilms.es\">aqu\u00ed<\/a>.<\/figcaption><\/figure><\/div>\n\n\n\n<div id=\"block-40ccf865-b97b-456b-9f57-7cda241c3c2a\" class=\"wp-block-image is-style-rounded\"><figure class=\"aligncenter size-large is-resized\"><img data-recalc-dims=\"1\" loading=\"lazy\" decoding=\"async\" src=\"https:\/\/i0.wp.com\/www.lafraguabruta.com\/wp-content\/uploads\/2020\/07\/Javier-Rebollo-Fotografi%CC%81a-de-Perfil.png?resize=280%2C280&#038;ssl=1\" alt=\"\" class=\"wp-image-341\" width=\"280\" height=\"280\" srcset=\"https:\/\/i0.wp.com\/www.lafraguabruta.com\/wp-content\/uploads\/2020\/07\/Javier-Rebollo-Fotografi%CC%81a-de-Perfil.png?w=365&amp;ssl=1 365w, https:\/\/i0.wp.com\/www.lafraguabruta.com\/wp-content\/uploads\/2020\/07\/Javier-Rebollo-Fotografi%CC%81a-de-Perfil.png?resize=300%2C300&amp;ssl=1 300w, https:\/\/i0.wp.com\/www.lafraguabruta.com\/wp-content\/uploads\/2020\/07\/Javier-Rebollo-Fotografi%CC%81a-de-Perfil.png?resize=150%2C150&amp;ssl=1 150w\" sizes=\"auto, (max-width: 280px) 100vw, 280px\" \/><figcaption><strong>JAVIER REBOLLO<\/strong> es cineasta y activista cultural. Director de los largometrajes <em>La mujer sin piano<\/em> (<em>Woman Without Piano<\/em>) (2009) y <em>Ce que je sais de Lola<\/em> y el <em>El muerto y ser feliz<\/em>. Entre otros reconocimientos ha ganado la Concha de Plata al Mejor Director en el Festival Internacional de Cine de San Sebasti\u00e1n, en 2009. M\u00e1s J. Rebollo <a href=\"https:\/\/lolitafilms.es\/personal\">aqu\u00ed<\/a>.<\/figcaption><\/figure><\/div>\n\n\n\n<div id=\"block-22a2f6e4-6959-4660-b7e9-c179e515518c\" class=\"wp-block-image is-style-rounded\"><figure class=\"aligncenter size-large is-resized\"><img data-recalc-dims=\"1\" loading=\"lazy\" decoding=\"async\" src=\"https:\/\/i0.wp.com\/www.lafraguabruta.com\/wp-content\/uploads\/2021\/05\/samuel-delgado.jpg?resize=280%2C280&#038;ssl=1\" alt=\"\" class=\"wp-image-1139\" width=\"280\" height=\"280\" srcset=\"https:\/\/i0.wp.com\/www.lafraguabruta.com\/wp-content\/uploads\/2021\/05\/samuel-delgado.jpg?resize=1024%2C1024&amp;ssl=1 1024w, https:\/\/i0.wp.com\/www.lafraguabruta.com\/wp-content\/uploads\/2021\/05\/samuel-delgado.jpg?resize=300%2C300&amp;ssl=1 300w, https:\/\/i0.wp.com\/www.lafraguabruta.com\/wp-content\/uploads\/2021\/05\/samuel-delgado.jpg?resize=150%2C150&amp;ssl=1 150w, https:\/\/i0.wp.com\/www.lafraguabruta.com\/wp-content\/uploads\/2021\/05\/samuel-delgado.jpg?resize=768%2C769&amp;ssl=1 768w, https:\/\/i0.wp.com\/www.lafraguabruta.com\/wp-content\/uploads\/2021\/05\/samuel-delgado.jpg?resize=1534%2C1536&amp;ssl=1 1534w, https:\/\/i0.wp.com\/www.lafraguabruta.com\/wp-content\/uploads\/2021\/05\/samuel-delgado.jpg?resize=600%2C601&amp;ssl=1 600w, https:\/\/i0.wp.com\/www.lafraguabruta.com\/wp-content\/uploads\/2021\/05\/samuel-delgado.jpg?w=1598&amp;ssl=1 1598w, https:\/\/i0.wp.com\/www.lafraguabruta.com\/wp-content\/uploads\/2021\/05\/samuel-delgado.jpg?w=1280&amp;ssl=1 1280w\" sizes=\"auto, (max-width: 280px) 100vw, 280px\" \/><figcaption><strong>SAMUEL DELGADO <\/strong>ha realizado, junto a Helena Gir\u00f3n, las pel\u00edculas <em>Irmandade<\/em>,&nbsp;<em>Plus Ultra,&nbsp;Monta\u00f1as ardientes que vomitan fuego<\/em>, <em>Sin Dios ni Santa Mar\u00eda <\/em>y las instalaciones y performance <em>Tambi\u00e9n aqu\u00ed los dioses est\u00e1n presentes, No hay tierrra m\u00e1s all\u00e1 <\/em>y <em>Ejercicios de escucha<\/em>. El que ser\u00e1 su primer largometraje, <em>Eles transportan a morte<\/em>,&nbsp;ha sido seleccionado para el programa Ikusmira Berriak del Festival de San Sebasti\u00e1n y Tabakalera entre los proyectos del estado espa\u00f1ol.<br>Colabora como docente en la EICTV de San Antonio de los Ba\u00f1os (Cuba), ECAM, EQZE, Instituto del Cine de Madrid e IFIC. M\u00e1s Samuel <a href=\"https:\/\/labandanegra.net\/?page_id=52\">aqu\u00ed<\/a>.<br><\/figcaption><\/figure><\/div>\n\n\n\n<div id=\"block-0d7a60ed-919a-4a05-a14e-2e646152d69a\" class=\"wp-block-image is-style-rounded\"><figure class=\"aligncenter size-large is-resized\"><img data-recalc-dims=\"1\" loading=\"lazy\" decoding=\"async\" src=\"https:\/\/i0.wp.com\/www.lafraguabruta.com\/wp-content\/uploads\/2021\/05\/helena-giro%CC%81n.jpg?resize=280%2C280&#038;ssl=1\" alt=\"\" class=\"wp-image-1140\" width=\"280\" height=\"280\" srcset=\"https:\/\/i0.wp.com\/www.lafraguabruta.com\/wp-content\/uploads\/2021\/05\/helena-giro%CC%81n.jpg?w=326&amp;ssl=1 326w, https:\/\/i0.wp.com\/www.lafraguabruta.com\/wp-content\/uploads\/2021\/05\/helena-giro%CC%81n.jpg?resize=300%2C300&amp;ssl=1 300w, https:\/\/i0.wp.com\/www.lafraguabruta.com\/wp-content\/uploads\/2021\/05\/helena-giro%CC%81n.jpg?resize=150%2C150&amp;ssl=1 150w\" sizes=\"auto, (max-width: 280px) 100vw, 280px\" \/><figcaption><strong>HELENA GIR\u00d3N<\/strong> ha realizado, junto a Samuel M. Delgado, las pel\u00edculas <em>Irmandade,&nbsp;Plus Ultra<\/em>,&nbsp;<em>Monta\u00f1as ardientes que vomitan fuego<\/em>, <em>Sin Dios ni Santa Mar\u00eda<\/em> y <em>las instalaciones y performance Tambi\u00e9n aqu\u00ed los dioses est\u00e1n presentes, No hay tierrra m\u00e1s all\u00e1 y Ejercicios de escucha.&nbsp;<\/em>El que ser\u00e1 su primer largometraje, <em>Eles transportan a morte<\/em>,&nbsp;ha sido seleccionado para el programa Ikusmira Berriak del Festival de San Sebasti\u00e1n y Tabakalera entre los proyectos del estado espa\u00f1ol.<br>Tras licenciarse en Comunicaci\u00f3n Audiovisual, realiza el M\u00e1ster de Guion de Cine y TV de la Universidad Carlos III de Madrid y el M\u00e1ster de Montaje Cinematogr\u00e1fico de la ESCAC.<br>Colabora como docente en la ECAM, EQZE e IFIC. M\u00e1s Helena <a href=\"https:\/\/labandanegra.net\/?page_id=52\">aqu\u00ed<\/a>.<\/figcaption><\/figure><\/div>\n\n\n\n<div id=\"block-d13dd6fb-e771-4656-b884-7ce897fd8639\" class=\"wp-block-image is-style-rounded\"><figure class=\"aligncenter size-large\"><img data-recalc-dims=\"1\" loading=\"lazy\" decoding=\"async\" width=\"280\" height=\"280\" src=\"https:\/\/i0.wp.com\/www.lafraguabruta.com\/wp-content\/uploads\/2021\/05\/Chus-copy.jpg?resize=280%2C280&#038;ssl=1\" alt=\"\" class=\"wp-image-1141\" srcset=\"https:\/\/i0.wp.com\/www.lafraguabruta.com\/wp-content\/uploads\/2021\/05\/Chus-copy.jpg?w=280&amp;ssl=1 280w, https:\/\/i0.wp.com\/www.lafraguabruta.com\/wp-content\/uploads\/2021\/05\/Chus-copy.jpg?resize=150%2C150&amp;ssl=1 150w\" sizes=\"auto, (max-width: 280px) 100vw, 280px\" \/><figcaption><strong>CHUS DOMINGUEZ<\/strong> Creador audiovisual. Trabajo en la \u00f3rbita del cine de lo real.<br>Me gusta la expresi\u00f3n <em>obrero de lo real<\/em> (tomada del poeta Esteban Peicovich hablando de su padre). Un trabajo \u201cm\u00e1s parecido a asir algo en el aire que a construir historias\u201d (*).<br>Mis pel\u00edculas\/v\u00eddeos se han presentado en festivales, centros de arte y otros espacios. Tambi\u00e9n he realizado piezas\/instalaciones para espacios expositivos.<br>En un texto que escribi\u00f3 Beatriz Navas sobre <em>Notas de lo ef\u00edmero<\/em>, hablaba de \u201cun S\u00edsifo que sube una y otra vez la roca de sus ambiciones hasta lo alto de una colina, para verla caer hasta la base y empujarla de nuevo, cuesta arriba. La imposibilidad, y sin embargo, la no renuncia\u201d. M\u00e1s Chus <a href=\"https:\/\/www.chusdominguez.com\" data-type=\"URL\" data-id=\"https:\/\/www.chusdominguez.com\">aqu\u00ed<\/a>.<\/figcaption><\/figure><\/div>\n\n\n\n<div id=\"block-04b60026-5f6c-4003-a89f-507c1d9ff75e\" class=\"wp-block-image is-style-rounded\"><figure class=\"aligncenter size-large\"><img data-recalc-dims=\"1\" loading=\"lazy\" decoding=\"async\" width=\"280\" height=\"280\" src=\"https:\/\/i0.wp.com\/www.lafraguabruta.com\/wp-content\/uploads\/2021\/05\/manolo.jpg?resize=280%2C280&#038;ssl=1\" alt=\"\" class=\"wp-image-1142\" srcset=\"https:\/\/i0.wp.com\/www.lafraguabruta.com\/wp-content\/uploads\/2021\/05\/manolo.jpg?w=280&amp;ssl=1 280w, https:\/\/i0.wp.com\/www.lafraguabruta.com\/wp-content\/uploads\/2021\/05\/manolo.jpg?resize=150%2C150&amp;ssl=1 150w\" sizes=\"auto, (max-width: 280px) 100vw, 280px\" \/><figcaption><strong>MANOLO MU\u00d1OZ<\/strong> Tras licenciarse en Ciencias de la Informaci\u00f3n por la Universidad de Sevilla se instala en Londres, donde realiza sus primeros v\u00eddeos y cortometrajes con esp\u00edritu amateur. Se traslada a Cuba para ingresar en la EICTV, la Escuela Internacional de Cine y TV de San Antonio de los Ba\u00f1os, de donde egresa en 2004 tras cursar la especialidad de montaje. Desde entonces ha co-escrito y editado pel\u00edculas como \u00abBlanco en blanco\u00bb (2019), \u00abThis film is about me\u00bb (2019), \u00abDerechos del hombre\u00bb (2018), \u00abDead Slow Ahead\u00bb (2015), \u00abSlimane\u00bb (2013), \u00abArraianos\u00bb (2012), \u00abOcaso\u00bb (2010), y ha realizado algunos cortometrajes, como \u00abP\u00e1jaro\u00bb (2014), \u00abCon el viento\u00bb (2009) o \u00abSendero\u00bb (2008). \u00abEl mar nos mira de lejos\u00bb, estrenada en la Berlinale en 2017, es su primer largometraje. Alterna su actividad como cineasta con la docencia, impartiendo talleres desde 2010 en lugares como la EICTV (Cuba) o Altos de Chav\u00f3n (Rep\u00fablica Dominicana). M\u00e1s Manolo <a href=\"https:\/\/docma.es\/3xdoc\/ponentes\/manuel-munoz-2\/\" data-type=\"URL\" data-id=\"https:\/\/docma.es\/3xdoc\/ponentes\/manuel-munoz-2\/\">aqu\u00ed<\/a>.<\/figcaption><\/figure><\/div>\n\n\n\n<div id=\"block-770c3cf6-e006-4f03-b7f0-19178388b492\" class=\"wp-block-image is-style-rounded\"><figure class=\"aligncenter size-full is-resized\"><img data-recalc-dims=\"1\" loading=\"lazy\" decoding=\"async\" src=\"https:\/\/i0.wp.com\/www.lafraguabruta.com\/wp-content\/uploads\/2021\/12\/guillermo.jpg?resize=280%2C280&#038;ssl=1\" alt=\"\" class=\"wp-image-1331\" width=\"280\" height=\"280\" srcset=\"https:\/\/i0.wp.com\/www.lafraguabruta.com\/wp-content\/uploads\/2021\/12\/guillermo.jpg?w=420&amp;ssl=1 420w, https:\/\/i0.wp.com\/www.lafraguabruta.com\/wp-content\/uploads\/2021\/12\/guillermo.jpg?resize=300%2C300&amp;ssl=1 300w, https:\/\/i0.wp.com\/www.lafraguabruta.com\/wp-content\/uploads\/2021\/12\/guillermo.jpg?resize=150%2C150&amp;ssl=1 150w\" sizes=\"auto, (max-width: 280px) 100vw, 280px\" \/><figcaption><strong>GUILLERMO PEYDR\u00d3<\/strong> Guillermo G. Peydr\u00f3 es cineasta y doctor en Historia del Arte. Sus pel\u00edculas han sido proyectadas en museos como el Louvre o el Reina Sof\u00eda y en festivales de todo el mundo, y desde 2016 realiza tambi\u00e9n proyectos expositivos de cine expandido junto con la escultora francesa Jeanne de Petriconi. Ha trabajado adem\u00e1s como programador de los festivales Punto de Vista y Documenta Madrid, e impartido cursos en universidades y escuelas de cine de Espa\u00f1a, M\u00e9xico, Cuba y Ecuador. Su libro \u00abEl cine sobre arte. De la dramatizaci\u00f3n de la pintura al cine-ensayo\u00bb (Shangrila, 2019) es el resultado de una d\u00e9cada de investigaciones en archivos internacionales sobre las posibilidades de la filmaci\u00f3n de las artes. M\u00e1s Guillermo <a href=\"https:\/\/www.guillermopeydro.com\/\">aqu\u00ed<\/a>.<\/figcaption><\/figure><\/div>\n\n\n\n<div class=\"wp-block-image is-style-rounded\"><figure class=\"aligncenter size-large is-resized\"><img data-recalc-dims=\"1\" loading=\"lazy\" decoding=\"async\" src=\"https:\/\/i0.wp.com\/www.lafraguabruta.com\/wp-content\/uploads\/2020\/06\/Noemi-Garcia-Fotografia.png?resize=280%2C280&#038;ssl=1\" alt=\"Noemi-Garcia-Fotografia\" class=\"wp-image-188\" width=\"280\" height=\"280\" srcset=\"https:\/\/i0.wp.com\/www.lafraguabruta.com\/wp-content\/uploads\/2020\/06\/Noemi-Garcia-Fotografia.png?w=400&amp;ssl=1 400w, https:\/\/i0.wp.com\/www.lafraguabruta.com\/wp-content\/uploads\/2020\/06\/Noemi-Garcia-Fotografia.png?resize=300%2C300&amp;ssl=1 300w, https:\/\/i0.wp.com\/www.lafraguabruta.com\/wp-content\/uploads\/2020\/06\/Noemi-Garcia-Fotografia.png?resize=150%2C150&amp;ssl=1 150w\" sizes=\"auto, (max-width: 280px) 100vw, 280px\" \/><figcaption><strong>NOEM\u00cd GARC\u00cdA<\/strong> es creadora audiovisual, docente e investigadora. Profesora de pr\u00e1ctica y teor\u00eda del Audiovisual en la Universidad de Bellas Artes (UCM) y programadora especializada en cine documental. Ha trabajado para festivales como Documenta Madrid y para instituciones como Cineteca de Matadero. Posee una larga trayectoria como docente y como asesora de proyectos documentales. Est\u00e1 especializada en pr\u00e1cticas art\u00edsticas colaborativas y en cinematograf\u00edas reflexivas en primera persona.<\/figcaption><\/figure><\/div>\n\n\n\n<p> <\/p>\n\n\n\n<div id=\"block-eb430746-7459-420d-aae6-2d2b83d76e68\" class=\"wp-block-image is-style-rounded\"><figure class=\"aligncenter size-large is-resized\"><img data-recalc-dims=\"1\" loading=\"lazy\" decoding=\"async\" src=\"https:\/\/i0.wp.com\/www.lafraguabruta.com\/wp-content\/uploads\/2021\/05\/2_almudena-sanchez.jpg?resize=280%2C280&#038;ssl=1\" alt=\"\" class=\"wp-image-1144\" width=\"280\" height=\"280\" srcset=\"https:\/\/i0.wp.com\/www.lafraguabruta.com\/wp-content\/uploads\/2021\/05\/2_almudena-sanchez.jpg?w=170&amp;ssl=1 170w, https:\/\/i0.wp.com\/www.lafraguabruta.com\/wp-content\/uploads\/2021\/05\/2_almudena-sanchez.jpg?resize=150%2C150&amp;ssl=1 150w\" sizes=\"auto, (max-width: 280px) 100vw, 280px\" \/><figcaption><strong>ALMUDENA S\u00c1NCHEZ<\/strong> Licenciada en Comunicaci\u00f3n Audiovisual por la Universidad Complutense de Madrid. Graduada en cinematograf\u00eda en la Escuela Internacional de Cine y Televisi\u00f3n de San Antonio de los Ba\u00f1os (Cuba). Una profesional multidisciplinar con m\u00e1s de diez a\u00f1os de experiencia en direcci\u00f3n de fotograf\u00eda, ha participado en todo tipo de proyectos de ficci\u00f3n y documental.<br>Chus Guti\u00e9rrez, Bigas Luna, Juana Mac\u00edas, Jaime Rosales, Irene Cardona, y Pablo Llorca son algunos de los directores con los que ha colaborado. Sus trabajos han sido emitidos por Televisi\u00f3n Espa\u00f1ola, Disney Channel, Cuatro y TCM. En el programa de culto \u201cCuarto Milenio\u201d fue directora de fotograf\u00eda de las recreaciones durante cuatro temporadas. M\u00e1s Almudena <a href=\"http:\/\/almudenasanchez.com\/web\/\">aqu\u00ed<\/a>.<\/figcaption><\/figure><\/div>\n\n\n\n<p><\/p>\n\n\n\n<div id=\"block-dc987d40-cb35-4802-8d5b-e86f664ca7e4\" class=\"wp-block-image is-style-rounded\"><figure class=\"aligncenter\"><img data-recalc-dims=\"1\" decoding=\"async\" src=\"https:\/\/i0.wp.com\/www.lafraguabruta.com\/wp-content\/uploads\/2020\/06\/E.Arroyo_Perfil.png?w=640&#038;ssl=1\" alt=\"E.Arroyo_Perfila\"\/><figcaption><strong>ELENA ARROYO<\/strong> es artista y cineasta. Postgraduada en direcci\u00f3n de cine por la Escuela Internacional de Cine y TV de Cuba y especialista en Fotograf\u00eda y Arte Contempor\u00e1neo (UPV). Desarrolla su trabajo art\u00edstico en producciones audiovisuales de car\u00e1cter independiente. Compagina su labor profesional con la investigaci\u00f3n, la consultor\u00eda especializada y la ense\u00f1anza. Puedes ver algo m\u00e1s de su trabajo <a href=\"http:\/\/www.exit-exhibit.com\">aqu\u00ed<\/a>.<\/figcaption><\/figure><\/div>\n","protected":false},"excerpt":{"rendered":"<p>Lola Mayo, Elena Arroyo, Javier Rebollo, Manolo Mu\u00f1oz, Guillermo Peydr\u00f3, Noem\u00ed Garc\u00eda, Almudena S\u00e1nchez, Samuel Delgado y Helena Gir\u00f3n, Chus Dom\u00ednguez, Irene Guti\u00e9rrez, Jose Alay\u00f3n, entre otros.<\/p>\n","protected":false},"author":1,"featured_media":0,"parent":0,"menu_order":0,"comment_status":"closed","ping_status":"closed","template":"","meta":{"footnotes":""},"class_list":["post-1138","page","type-page","status-publish","hentry"],"_links":{"self":[{"href":"https:\/\/www.lafraguabruta.com\/index.php\/wp-json\/wp\/v2\/pages\/1138","targetHints":{"allow":["GET"]}}],"collection":[{"href":"https:\/\/www.lafraguabruta.com\/index.php\/wp-json\/wp\/v2\/pages"}],"about":[{"href":"https:\/\/www.lafraguabruta.com\/index.php\/wp-json\/wp\/v2\/types\/page"}],"author":[{"embeddable":true,"href":"https:\/\/www.lafraguabruta.com\/index.php\/wp-json\/wp\/v2\/users\/1"}],"replies":[{"embeddable":true,"href":"https:\/\/www.lafraguabruta.com\/index.php\/wp-json\/wp\/v2\/comments?post=1138"}],"version-history":[{"count":4,"href":"https:\/\/www.lafraguabruta.com\/index.php\/wp-json\/wp\/v2\/pages\/1138\/revisions"}],"predecessor-version":[{"id":2469,"href":"https:\/\/www.lafraguabruta.com\/index.php\/wp-json\/wp\/v2\/pages\/1138\/revisions\/2469"}],"wp:attachment":[{"href":"https:\/\/www.lafraguabruta.com\/index.php\/wp-json\/wp\/v2\/media?parent=1138"}],"curies":[{"name":"wp","href":"https:\/\/api.w.org\/{rel}","templated":true}]}}